{"id":5139,"date":"2025-06-20T18:01:08","date_gmt":"2025-06-20T18:01:08","guid":{"rendered":"https:\/\/termocanta.com\/?page_id=5139"},"modified":"2025-06-20T18:01:09","modified_gmt":"2025-06-20T18:01:09","slug":"kargo-ve-teslimat-bilgileri","status":"publish","type":"page","link":"http:\/\/termocanta.com\/index.php\/kargo-ve-teslimat-bilgileri\/","title":{"rendered":"Kargo ve Teslimat Bilgileri"},"content":{"rendered":"\n<h3 class=\"wp-block-heading\">Kargo ve Teslimat Bilgileri<\/h3>\n\n\n\n<p>Sipari\u015fleriniz, \u00f6deme onay\u0131n\u0131n ard\u0131ndan ortalama <strong>2-5 i\u015f g\u00fcn\u00fc<\/strong> i\u00e7erisinde haz\u0131rlanarak kargoya verilmektedir. Teslimat s\u00fcresi, bulundu\u011funuz b\u00f6lgeye ve se\u00e7ti\u011finiz kargo firmas\u0131na g\u00f6re de\u011fi\u015fiklik g\u00f6sterebilir.<\/p>\n\n\n\n<p><strong>Kargo Takibi:<\/strong><br>Sipari\u015finiz kargoya verildi\u011finde, taraf\u0131n\u0131za bir takip numaras\u0131 iletilir. Bu numara ile kargonuzun durumunu kargo firmas\u0131n\u0131n web sitesi \u00fczerinden kolayca takip edebilirsiniz.<\/p>\n\n\n\n<p><strong>Kargo \u00dccretleri:<\/strong><br>Standart kargo \u00fccretleri sipari\u015f tutar\u0131na ve teslimat adresine g\u00f6re de\u011fi\u015fmektedir. Kampanyalar veya belirli tutar\u0131n \u00fczerindeki sipari\u015flerde \u00fccretsiz kargo se\u00e7enekleri sunulabilir.<\/p>\n\n\n\n<p><strong>Teslimat Adresi:<\/strong><br>Sipari\u015finizi verirken l\u00fctfen teslimat adresinizi eksiksiz ve do\u011fru girdi\u011finizden emin olunuz. Yanl\u0131\u015f veya eksik adres nedeniyle ya\u015fanacak gecikmelerden firmam\u0131z sorumlu de\u011fildir.<\/p>\n\n\n\n<p><strong>Teslimat Saatleri:<\/strong><br>Kargolar genellikle hafta i\u00e7i 09:00 &#8211; 18:00 saatleri aras\u0131nda teslim edilmektedir. Teslimat zaman\u0131 kargo firmas\u0131na ba\u011fl\u0131 olarak de\u011fi\u015febilir.<\/p>\n\n\n\n<p><strong>Kargo Hasar\u0131 veya Eksik \u00dcr\u00fcn Durumu:<\/strong><br>\u00dcr\u00fcn\u00fcn\u00fcz teslim al\u0131nd\u0131\u011f\u0131nda herhangi bir hasar veya eksiklik fark ederseniz, kargo g\u00f6revlisine tutanak tutturman\u0131z\u0131 ve derhal m\u00fc\u015fteri hizmetlerimizle ileti\u015fime ge\u00e7menizi rica ederiz.<\/p>\n","protected":false},"excerpt":{"rendered":"<p>Kargo ve Teslimat Bilgileri Sipari\u015fleriniz, \u00f6deme onay\u0131n\u0131n ard\u0131ndan ortalama 2-5 i\u015f g\u00fcn\u00fc i\u00e7erisinde haz\u0131rlanarak kargoya verilmektedir. Teslimat s\u00fcresi, bulundu\u011funuz b\u00f6lgeye&#8230;<\/p>\n","protected":false},"author":1,"featured_media":0,"parent":0,"menu_order":0,"comment_status":"closed","ping_status":"closed","template":"","meta":{"footnotes":""},"class_list":["post-5139","page","type-page","status-publish","hentry"],"post-meta":{"_edit_lock":["1750442545:1"],"_edit_last":["1"],"site-container":["default"],"site-header-transparent":["default"],"site-page-header":["default"],"site-sidebar":["default"]},"_links":{"self":[{"href":"http:\/\/termocanta.com\/index.php\/wp-json\/wp\/v2\/pages\/5139","targetHints":{"allow":["GET"]}}],"collection":[{"href":"http:\/\/termocanta.com\/index.php\/wp-json\/wp\/v2\/pages"}],"about":[{"href":"http:\/\/termocanta.com\/index.php\/wp-json\/wp\/v2\/types\/page"}],"author":[{"embeddable":true,"href":"http:\/\/termocanta.com\/index.php\/wp-json\/wp\/v2\/users\/1"}],"replies":[{"embeddable":true,"href":"http:\/\/termocanta.com\/index.php\/wp-json\/wp\/v2\/comments?post=5139"}],"version-history":[{"count":1,"href":"http:\/\/termocanta.com\/index.php\/wp-json\/wp\/v2\/pages\/5139\/revisions"}],"predecessor-version":[{"id":5140,"href":"http:\/\/termocanta.com\/index.php\/wp-json\/wp\/v2\/pages\/5139\/revisions\/5140"}],"wp:attachment":[{"href":"http:\/\/termocanta.com\/index.php\/wp-json\/wp\/v2\/media?parent=5139"}],"curies":[{"name":"wp","href":"https:\/\/api.w.org\/{rel}","templated":true}]}}